{"id":1397,"date":"2020-07-09T14:52:28","date_gmt":"2020-07-09T12:52:28","guid":{"rendered":"https:\/\/vg-initiative.de\/?page_id=1397"},"modified":"2021-09-03T08:56:01","modified_gmt":"2021-09-03T06:56:01","slug":"literatur-2","status":"publish","type":"page","link":"https:\/\/vg-initiative.de\/?page_id=1397","title":{"rendered":"Literatur"},"content":{"rendered":"<p>[et_pb_section fb_built=&#8220;1&#8243; _builder_version=&#8220;3.26.6&#8243; background_color=&#8220;#07a1e2&#8243; background_enable_image=&#8220;off&#8220; background_position=&#8220;center_right&#8220; min_height=&#8220;810px&#8220; custom_margin=&#8220;-17px||||false|false&#8220; custom_padding=&#8220;55px||0px|||&#8220; custom_css_main_element=&#8220;background-position: center center;&#8220;][et_pb_row column_structure=&#8220;1_2,1_2&#8243; _builder_version=&#8220;3.26.6&#8243; width=&#8220;100%&#8220; min_height=&#8220;34px&#8220; custom_margin=&#8220;|-253px|-2px|50px||&#8220; custom_padding=&#8220;1px||3px|||&#8220;][et_pb_column type=&#8220;1_2&#8243; _builder_version=&#8220;3.26.6&#8243;][et_pb_text _builder_version=&#8220;3.26.6&#8243; custom_margin=&#8220;||29px|||&#8220;]<\/p>\n<h1><strong><span style=\"color: #ffffff;\">Literatur<\/span><\/strong><strong><span style=\"color: #ffffff;\"><\/span><\/strong><\/h1>\n<p>[\/et_pb_text][et_pb_text _builder_version=&#8220;3.26.6&#8243; custom_margin=&#8220;16px|||||&#8220;][\/et_pb_text][\/et_pb_column][et_pb_column type=&#8220;1_2&#8243; _builder_version=&#8220;3.26.6&#8243;][\/et_pb_column][\/et_pb_row][\/et_pb_section][et_pb_section fb_built=&#8220;1&#8243; admin_label=&#8220;History&#8220; _builder_version=&#8220;3.26.6&#8243; background_enable_color=&#8220;off&#8220; background_color_gradient_direction=&#8220;90deg&#8220; background_enable_image=&#8220;off&#8220; custom_padding=&#8220;3%|0px|0%|0px||&#8220;][et_pb_row _builder_version=&#8220;3.26.6&#8243; min_height=&#8220;239px&#8220; custom_padding=&#8220;0px||0px|||&#8220;][et_pb_column type=&#8220;4_4&#8243; _builder_version=&#8220;3.26.6&#8243;][et_pb_text _builder_version=&#8220;3.26.6&#8243;]<\/p>\n<p class=\"Normal\" style=\"text-align: justify;\"><span class=\"tm6\"><\/span><\/p>\n<p class=\"Normal\"><span class=\"tm5\">Sie haben Interesse an weiterf\u00fchrender Literatur zum Thema Friedrich Vordemberge- Gildewart, an anderen K\u00fcnstlern der Konkreten Kunst, Ausstellungskatalogen zum Thema oder an der Konkreten Kunst als Kunstrichtung? <\/span><\/p>\n<p class=\"Normal\"><span class=\"tm5\">Dann sind Sie hier richtig, &#8211; in der VG Bibliothek, die in der B\u00fccherei der Stadt Osnabr\u00fcck zu finden ist. Der VG-Initiative ist in Zusammenarbeit mit der Stadtbibliothek Osnabr\u00fcck gelungen, einen derzeit etwa 1000 B\u00fccher umfassenden Bestand an Literatur \u00fcber VG speziell und dar\u00fcber hinaus die Konkrete Kunst aufzubauen. <\/span><\/p>\n<p class=\"Normal\"><span class=\"tm5\">Hier finden Sie zum Beispiel: <\/span><\/p>\n<p class=\"Normal tm5\"><span class=\"tm6\"><\/span><span class=\"tm7\">&#8211; <\/span><span class=\"tm6\">Blieffert, Manfred: v-g und der geheimnisvolle Besucher. Bramsche: Rasch, 2013<br \/> <\/span><span style=\"font-size: 18px;\">Signatur: Vordemberge-Gildewart 0899<\/span><\/p>\n<p class=\"Normal tm5\"><span class=\"tm6\"><\/span><span class=\"tm7\">&#8211; <\/span><span class=\"tm6\">Biedermann, Heike (Hrsg.): Von Monet bis Mondrian: Meisterwerke der Moderne aus Dresdner Privatsammlungen der ersten H\u00e4lfte des 20. Jahrhunderts. M\u00fcnchen: Deutscher Kunstverlag, 2007<br \/> <\/span><span style=\"font-size: 18px;\">Signatur: Vordemberge-Gildewart 0354<\/span><\/p>\n<p class=\"Normal tm5\"><span class=\"tm6\"><\/span><span class=\"tm7\">&#8211; <\/span><span class=\"tm6\">Helms, Dietrich (Hrsg.): Friedrich Vordemberge-Gildewart \u2013 the complete works. M\u00fcnchen: Prestel, 1990<br \/> <span style=\"font-size: 18px;\">Signatur: Vordemberge-Gildewart 1017<\/span><br \/> <\/span><\/p>\n<p class=\"Normal tm5\"><span class=\"tm6\"><\/span><span class=\"tm7\">&#8211; <\/span><span class=\"tm6\">Jacobi, Fritz (Hrsg.): Weltsprache Abstraktion: Gestalt, Magie, Zeichen. Berlin: Staatliche Museen zu Berlin, 2006<br \/> <span style=\"font-size: 18px;\">Signatur: Vordemberge-Gildewart 0297<\/span><br \/> <\/span><\/p>\n<p class=\"Normal tm5\"><span class=\"tm6\"><\/span><span class=\"tm7\">&#8211; <\/span><span class=\"tm6\">Rattemeyer, Volker: Friedrich Vordemberge-Gildewart: Utopie \u2013 Die Amsterdamer Jahre. Wiesbaden: Museum Wiesbaden, 2004<br \/> <span style=\"font-size: 18px;\">Signatur: Vordemberge-Gildewart 0292<\/span><br \/> <\/span><\/p>\n<p class=\"Normal tm5\"><span class=\"tm6\"><\/span><span class=\"tm7\">&#8211; <\/span><span class=\"tm6\">Hotz, J\u00fcrgen (Red.): Der Brockhaus Moderne Kunst: vom Impressionismus bis zur Gegenwart. Mannheim: Brockhaus, 2003<br \/> <span style=\"font-size: 18px;\">Signatur: Vordemberge-Gildewart 0041<\/span><br \/> <\/span><\/p>\n<p class=\"Normal tm5\"><span class=\"tm6\"><\/span><span class=\"tm7\">&#8211; <\/span><span class=\"tm6\">Budde, Ulrike (Red.): Wege der Abstraktion: 80 Meisterwerke aus der Sammlung Thyssen-Bornemisza. Stuttgart: Cantz, 1988<br \/> <span style=\"font-size: 18px;\">Signatur: Vordemberge-Gildewart 0367<\/span><br \/> <\/span><\/p>\n<p class=\"Normal tm5\"><span class=\"tm6\"><\/span><span class=\"tm7\">&#8211; <\/span><span class=\"tm6\">Thomas, Karin: Kunst in Deutschland seit 1945. K\u00f6ln: DuMont-Literatur-und-Kunst-Verlag, 2002<br \/> <span style=\"font-size: 18px;\">Signatur Vordemberge-Gildewart 0353<\/span><br \/> <\/span><\/p>\n<p class=\"Normal tm5\"><span class=\"tm6\"><\/span><span class=\"tm7\">&#8211; <\/span><span class=\"tm6\">Jaff\u00e9, Hans: Vordemberge-Gildewart: Mensch und Werk. 1971. K\u00f6ln: DuMont Schauberg, 1971<br \/> <span style=\"font-size: 18px;\">Signatur: Vordemberge-Gildewart 0901<\/span><\/span><\/p>\n<p>[\/et_pb_text][\/et_pb_column][\/et_pb_row][et_pb_row _builder_version=&#8220;3.26.6&#8243;][et_pb_column type=&#8220;4_4&#8243; _builder_version=&#8220;3.26.6&#8243;][et_pb_text _builder_version=&#8220;3.26.6&#8243; custom_padding=&#8220;||0px|||&#8220;]<\/p>\n<p class=\"Normal\"><span class=\"tm5\"><\/span><span class=\"tm5\">Der aktuelle Bestand ist bei Google \u00fcber die folgende Eingabe im Katalog einzusehen: <\/span><span class=\"tm5\">Stadtbibliothek Osnabr\u00fcck &#8211; OPAx Osnabr\u00fcck &#8211; <a href=\"https:\/\/katalog.stadtbibliothek.osnabrueck.de\/opax\/de\/qsel.html.S\">erweiterte Suche.<\/a><\/span><span style=\"font-size: 18px;\">\u00a0Wenn Sie einen Gesamt\u00fcberblick \u00fcber den dort vorhandenen VG-Medienbestand haben wollen, so benutzen Sie bitte innerhalb der erweiterten Suche immer die Kategorie \u201eSignatur\u201c und tragen \u201eVordemberge-Gildewart\u201c ein. Dann erscheint der Gesamtbestand auf dem Bildschirm.\u00a0<\/span><span style=\"font-size: 18px;\">\u00a0<\/span><\/p>\n<p class=\"Normal\"><span class=\"tm5\">So bekommen Sie einen Einblick in die ca. 1000 vorhandenen Titel dieser Sammlung. <\/span><\/p>\n<p>[\/et_pb_text][\/et_pb_column][\/et_pb_row][\/et_pb_section]<\/p>\n","protected":false},"excerpt":{"rendered":"<p>Literatur Sie haben Interesse an weiterf\u00fchrender Literatur zum Thema Friedrich Vordemberge- Gildewart, an anderen K\u00fcnstlern der Konkreten Kunst, Ausstellungskatalogen zum Thema oder an der Konkreten Kunst als Kunstrichtung? Dann sind Sie hier richtig, &#8211; in der VG Bibliothek, die in der B\u00fccherei der Stadt Osnabr\u00fcck zu finden ist. Der VG-Initiative ist in Zusammenarbeit mit der [&hellip;]<\/p>\n","protected":false},"author":4,"featured_media":0,"parent":0,"menu_order":0,"comment_status":"closed","ping_status":"closed","template":"","meta":{"_et_pb_use_builder":"on","_et_pb_old_content":"","_et_gb_content_width":"","footnotes":""},"class_list":["post-1397","page","type-page","status-publish","hentry"],"_links":{"self":[{"href":"https:\/\/vg-initiative.de\/index.php?rest_route=\/wp\/v2\/pages\/1397"}],"collection":[{"href":"https:\/\/vg-initiative.de\/index.php?rest_route=\/wp\/v2\/pages"}],"about":[{"href":"https:\/\/vg-initiative.de\/index.php?rest_route=\/wp\/v2\/types\/page"}],"author":[{"embeddable":true,"href":"https:\/\/vg-initiative.de\/index.php?rest_route=\/wp\/v2\/users\/4"}],"replies":[{"embeddable":true,"href":"https:\/\/vg-initiative.de\/index.php?rest_route=%2Fwp%2Fv2%2Fcomments&post=1397"}],"version-history":[{"count":11,"href":"https:\/\/vg-initiative.de\/index.php?rest_route=\/wp\/v2\/pages\/1397\/revisions"}],"predecessor-version":[{"id":3796,"href":"https:\/\/vg-initiative.de\/index.php?rest_route=\/wp\/v2\/pages\/1397\/revisions\/3796"}],"wp:attachment":[{"href":"https:\/\/vg-initiative.de\/index.php?rest_route=%2Fwp%2Fv2%2Fmedia&parent=1397"}],"curies":[{"name":"wp","href":"https:\/\/api.w.org\/{rel}","templated":true}]}}